{"id":336,"date":"2016-08-23T06:28:43","date_gmt":"2016-08-23T04:28:43","guid":{"rendered":"http:\/\/demo.uix.store\/sober\/?page_id=336"},"modified":"2023-09-01T15:08:30","modified_gmt":"2023-09-01T13:08:30","slug":"nous-contacter","status":"publish","type":"page","link":"https:\/\/drake.horschamp.agency\/index.php\/nous-contacter\/","title":{"rendered":"Nous contacter"},"content":{"rendered":"\t\t<div data-elementor-type=\"wp-page\" data-elementor-id=\"336\" class=\"elementor elementor-336\">\n\t\t\t\t\t\t\t\t\t<section class=\"elementor-section elementor-top-section elementor-element elementor-element-e6b9178 elementor-section-boxed elementor-section-height-default elementor-section-height-default\" data-id=\"e6b9178\" data-element_type=\"section\">\n\t\t\t\t\t\t<div class=\"elementor-container elementor-column-gap-default\">\n\t\t\t\t\t<div class=\"elementor-column elementor-col-100 elementor-top-column elementor-element elementor-element-f8eb28b\" data-id=\"f8eb28b\" data-element_type=\"column\">\n\t\t\t<div class=\"elementor-widget-wrap elementor-element-populated\">\n\t\t\t\t\t\t\t\t<div class=\"elementor-element elementor-element-840d89d elementor-widget elementor-widget-heading\" data-id=\"840d89d\" data-element_type=\"widget\" data-widget_type=\"heading.default\">\n\t\t\t\t<div class=\"elementor-widget-container\">\n\t\t\t<style>\/*! elementor - v3.15.0 - 20-08-2023 *\/\n.elementor-heading-title{padding:0;margin:0;line-height:1}.elementor-widget-heading .elementor-heading-title[class*=elementor-size-]>a{color:inherit;font-size:inherit;line-height:inherit}.elementor-widget-heading .elementor-heading-title.elementor-size-small{font-size:15px}.elementor-widget-heading .elementor-heading-title.elementor-size-medium{font-size:19px}.elementor-widget-heading .elementor-heading-title.elementor-size-large{font-size:29px}.elementor-widget-heading .elementor-heading-title.elementor-size-xl{font-size:39px}.elementor-widget-heading .elementor-heading-title.elementor-size-xxl{font-size:59px}<\/style><h2 class=\"elementor-heading-title elementor-size-default\">Nous contacter<\/h2>\t\t<\/div>\n\t\t\t\t<\/div>\n\t\t\t\t<div class=\"elementor-element elementor-element-b10add5 elementor-widget elementor-widget-text-editor\" data-id=\"b10add5\" data-element_type=\"widget\" data-widget_type=\"text-editor.default\">\n\t\t\t\t<div class=\"elementor-widget-container\">\n\t\t\t<style>\/*! elementor - v3.15.0 - 20-08-2023 *\/\n.elementor-widget-text-editor.elementor-drop-cap-view-stacked .elementor-drop-cap{background-color:#69727d;color:#fff}.elementor-widget-text-editor.elementor-drop-cap-view-framed .elementor-drop-cap{color:#69727d;border:3px solid;background-color:transparent}.elementor-widget-text-editor:not(.elementor-drop-cap-view-default) .elementor-drop-cap{margin-top:8px}.elementor-widget-text-editor:not(.elementor-drop-cap-view-default) .elementor-drop-cap-letter{width:1em;height:1em}.elementor-widget-text-editor .elementor-drop-cap{float:left;text-align:center;line-height:1;font-size:50px}.elementor-widget-text-editor .elementor-drop-cap-letter{display:inline-block}<\/style>\t\t\t\t<p style=\"text-align: left;\">Pour toute question, demande de renseignements ou pour discuter de nos pi\u00e8ces exceptionnelles, n&#8217;h\u00e9sitez pas \u00e0 nous contacter.\u00a0<\/p>\t\t\t\t\t\t<\/div>\n\t\t\t\t<\/div>\n\t\t\t\t<div class=\"elementor-element elementor-element-9c3785a elementor-widget elementor-widget-sober-info-list\" data-id=\"9c3785a\" data-element_type=\"widget\" data-widget_type=\"sober-info-list.default\">\n\t\t\t\t<div class=\"elementor-widget-container\">\n\t\t\t\t\t<div class=\"sober-info-list sober-info-list--elementor\">\n\t\t\t<ul>\n\t\t\t\t\t\t\t\t\t<li class=\"sober-info-list__info\">\n\t\t\t\t\t\t<span class=\"sober-info-list__icon info-icon\"><i class=\"fas fa-home\"><\/i><\/span>\n\t\t\t\t\t\t<span class=\"sober-info-list__label info-name\">Adresse<\/span>\n\t\t\t\t\t\t<span class=\"sober-info-list__value info-value\">54 rue de la Faisanderie, 75116, Paris<\/span>\n\t\t\t\t\t<\/li>\n\t\t\t\t\t\t\t\t\t<li class=\"sober-info-list__info\">\n\t\t\t\t\t\t<span class=\"sober-info-list__icon info-icon\"><i class=\"fas fa-phone-alt\"><\/i><\/span>\n\t\t\t\t\t\t<span class=\"sober-info-list__label info-name\">tel<\/span>\n\t\t\t\t\t\t<span class=\"sober-info-list__value info-value\">+33 0 00 00 00 00<\/span>\n\t\t\t\t\t<\/li>\n\t\t\t\t\t\t\t\t\t<li class=\"sober-info-list__info\">\n\t\t\t\t\t\t<span class=\"sober-info-list__icon info-icon\"><i class=\"fas fa-envelope\"><\/i><\/span>\n\t\t\t\t\t\t<span class=\"sober-info-list__label info-name\">Email<\/span>\n\t\t\t\t\t\t<span class=\"sober-info-list__value info-value\">contact@galeriedrake.com<\/span>\n\t\t\t\t\t<\/li>\n\t\t\t\t\t\t\t<\/ul>\n\t\t<\/div>\n\t\t\t\t<\/div>\n\t\t\t\t<\/div>\n\t\t\t\t<div class=\"elementor-element elementor-element-31f1759 elementor-widget elementor-widget-spacer\" data-id=\"31f1759\" data-element_type=\"widget\" data-widget_type=\"spacer.default\">\n\t\t\t\t<div class=\"elementor-widget-container\">\n\t\t\t<style>\/*! elementor - v3.15.0 - 20-08-2023 *\/\n.elementor-column .elementor-spacer-inner{height:var(--spacer-size)}.e-con{--container-widget-width:100%}.e-con-inner>.elementor-widget-spacer,.e-con>.elementor-widget-spacer{width:var(--container-widget-width,var(--spacer-size));--align-self:var(--container-widget-align-self,initial);--flex-shrink:0}.e-con-inner>.elementor-widget-spacer>.elementor-widget-container,.e-con-inner>.elementor-widget-spacer>.elementor-widget-container>.elementor-spacer,.e-con>.elementor-widget-spacer>.elementor-widget-container,.e-con>.elementor-widget-spacer>.elementor-widget-container>.elementor-spacer{height:100%}.e-con-inner>.elementor-widget-spacer>.elementor-widget-container>.elementor-spacer>.elementor-spacer-inner,.e-con>.elementor-widget-spacer>.elementor-widget-container>.elementor-spacer>.elementor-spacer-inner{height:var(--container-widget-height,var(--spacer-size))}<\/style>\t\t<div class=\"elementor-spacer\">\n\t\t\t<div class=\"elementor-spacer-inner\"><\/div>\n\t\t<\/div>\n\t\t\t\t<\/div>\n\t\t\t\t<\/div>\n\t\t\t\t\t<\/div>\n\t\t<\/div>\n\t\t\t\t\t\t\t<\/div>\n\t\t<\/section>\n\t\t\t\t\t\t\t<\/div>\n\t\t","protected":false},"excerpt":{"rendered":"<p>Nous contacter Pour toute question, demande de renseignements ou pour discuter de nos pi\u00e8ces exceptionnelles,&hellip;<\/p>\n","protected":false},"author":1,"featured_media":0,"parent":0,"menu_order":0,"comment_status":"closed","ping_status":"closed","template":"","meta":{"footnotes":""},"_links":{"self":[{"href":"https:\/\/drake.horschamp.agency\/index.php\/wp-json\/wp\/v2\/pages\/336"}],"collection":[{"href":"https:\/\/drake.horschamp.agency\/index.php\/wp-json\/wp\/v2\/pages"}],"about":[{"href":"https:\/\/drake.horschamp.agency\/index.php\/wp-json\/wp\/v2\/types\/page"}],"author":[{"embeddable":true,"href":"https:\/\/drake.horschamp.agency\/index.php\/wp-json\/wp\/v2\/users\/1"}],"replies":[{"embeddable":true,"href":"https:\/\/drake.horschamp.agency\/index.php\/wp-json\/wp\/v2\/comments?post=336"}],"version-history":[{"count":27,"href":"https:\/\/drake.horschamp.agency\/index.php\/wp-json\/wp\/v2\/pages\/336\/revisions"}],"predecessor-version":[{"id":2909,"href":"https:\/\/drake.horschamp.agency\/index.php\/wp-json\/wp\/v2\/pages\/336\/revisions\/2909"}],"wp:attachment":[{"href":"https:\/\/drake.horschamp.agency\/index.php\/wp-json\/wp\/v2\/media?parent=336"}],"curies":[{"name":"wp","href":"https:\/\/api.w.org\/{rel}","templated":true}]}}